{"id":1305,"date":"2022-07-15T14:48:24","date_gmt":"2022-07-15T12:48:24","guid":{"rendered":"https:\/\/soreco-group.com\/soreco-portugal\/les-carrieres-soreco\/"},"modified":"2024-03-04T12:50:37","modified_gmt":"2024-03-04T11:50:37","slug":"carreiras","status":"publish","type":"page","link":"https:\/\/soreco-portugal.com\/pt-pt\/carreiras\/","title":{"rendered":"Carreiras"},"content":{"rendered":"","protected":false},"excerpt":{"rendered":"","protected":false},"author":1,"featured_media":5021,"parent":0,"menu_order":0,"comment_status":"closed","ping_status":"closed","template":"page-templates\/careers.php","meta":{"_acf_changed":false,"inline_featured_image":false,"footnotes":""},"class_list":["post-1305","page","type-page","status-publish","has-post-thumbnail","hentry"],"acf":[],"yoast_head":"<!-- This site is optimized with the Yoast SEO plugin v25.0 - https:\/\/yoast.com\/wordpress\/plugins\/seo\/ -->\n<title>Recrutamento de contabilistas em Espanha, It\u00e1lia e Portugal | SORECO Sociedade francesa de revis\u00e3o oficial de contas sediada em Madrid, Mil\u00e3o, Lisboa e Barcelona<\/title>\n<meta name=\"description\" content=\"Junte-se \u00e0s equipas da SORECO, um gabinete de revis\u00e3o oficial de contas franc\u00eas e advocacia sediada em Madrid, Mil\u00e3o, Lisboa e Barcelona.\" \/>\n<meta name=\"robots\" content=\"index, follow, max-snippet:-1, max-image-preview:large, max-video-preview:-1\" \/>\n<link rel=\"canonical\" href=\"https:\/\/soreco-portugal.com\/pt-pt\/carreiras\/\" \/>\n<meta property=\"og:locale\" content=\"pt_PT\" \/>\n<meta property=\"og:type\" content=\"article\" \/>\n<meta property=\"og:title\" content=\"Recrutamento de contabilistas em Espanha, It\u00e1lia e Portugal | SORECO Sociedade francesa de revis\u00e3o oficial de contas sediada em Madrid, Mil\u00e3o, Lisboa e Barcelona\" \/>\n<meta property=\"og:description\" content=\"Junte-se \u00e0s equipas da SORECO, um gabinete de revis\u00e3o oficial de contas franc\u00eas e advocacia sediada em Madrid, Mil\u00e3o, Lisboa e Barcelona.\" \/>\n<meta property=\"og:url\" content=\"https:\/\/soreco-portugal.com\/pt-pt\/carreiras\/\" \/>\n<meta property=\"og:site_name\" content=\"Soreco Portugal\" \/>\n<meta property=\"article:modified_time\" content=\"2024-03-04T11:50:37+00:00\" \/>\n<meta property=\"og:image\" content=\"https:\/\/soreco-portugal.com\/wp-content\/uploads\/sites\/4\/2022\/08\/carrieres.png\" \/>\n\t<meta property=\"og:image:width\" content=\"510\" \/>\n\t<meta property=\"og:image:height\" content=\"550\" \/>\n\t<meta property=\"og:image:type\" content=\"image\/png\" \/>\n<meta name=\"twitter:card\" content=\"summary_large_image\" \/>\n<meta name=\"twitter:label1\" content=\"Tempo estimado de leitura\" \/>\n\t<meta name=\"twitter:data1\" content=\"1 minuto\" \/>\n<script type=\"application\/ld+json\" class=\"yoast-schema-graph\">{\"@context\":\"https:\/\/schema.org\",\"@graph\":[{\"@type\":\"WebPage\",\"@id\":\"https:\/\/soreco-portugal.com\/pt-pt\/carreiras\/\",\"url\":\"https:\/\/soreco-portugal.com\/pt-pt\/carreiras\/\",\"name\":\"Recrutamento de contabilistas em Espanha, It\u00e1lia e Portugal | SORECO Sociedade francesa de revis\u00e3o oficial de contas sediada em Madrid, Mil\u00e3o, Lisboa e Barcelona\",\"isPartOf\":{\"@id\":\"https:\/\/soreco-portugal.com\/pt-pt\/#website\"},\"primaryImageOfPage\":{\"@id\":\"https:\/\/soreco-portugal.com\/pt-pt\/carreiras\/#primaryimage\"},\"image\":{\"@id\":\"https:\/\/soreco-portugal.com\/pt-pt\/carreiras\/#primaryimage\"},\"thumbnailUrl\":\"https:\/\/soreco-portugal.com\/wp-content\/uploads\/sites\/4\/2022\/08\/carrieres.png\",\"datePublished\":\"2022-07-15T12:48:24+00:00\",\"dateModified\":\"2024-03-04T11:50:37+00:00\",\"description\":\"Junte-se \u00e0s equipas da SORECO, um gabinete de revis\u00e3o oficial de contas franc\u00eas e advocacia sediada em Madrid, Mil\u00e3o, Lisboa e Barcelona.\",\"breadcrumb\":{\"@id\":\"https:\/\/soreco-portugal.com\/pt-pt\/carreiras\/#breadcrumb\"},\"inLanguage\":\"pt-PT\",\"potentialAction\":[{\"@type\":\"ReadAction\",\"target\":[\"https:\/\/soreco-portugal.com\/pt-pt\/carreiras\/\"]}]},{\"@type\":\"ImageObject\",\"inLanguage\":\"pt-PT\",\"@id\":\"https:\/\/soreco-portugal.com\/pt-pt\/carreiras\/#primaryimage\",\"url\":\"https:\/\/soreco-portugal.com\/wp-content\/uploads\/sites\/4\/2022\/08\/carrieres.png\",\"contentUrl\":\"https:\/\/soreco-portugal.com\/wp-content\/uploads\/sites\/4\/2022\/08\/carrieres.png\",\"width\":510,\"height\":550},{\"@type\":\"BreadcrumbList\",\"@id\":\"https:\/\/soreco-portugal.com\/pt-pt\/carreiras\/#breadcrumb\",\"itemListElement\":[{\"@type\":\"ListItem\",\"position\":1,\"name\":\"Accueil\",\"item\":\"https:\/\/soreco-portugal.com\/pt-pt\/\"},{\"@type\":\"ListItem\",\"position\":2,\"name\":\"Carreiras\"}]},{\"@type\":\"WebSite\",\"@id\":\"https:\/\/soreco-portugal.com\/pt-pt\/#website\",\"url\":\"https:\/\/soreco-portugal.com\/pt-pt\/\",\"name\":\"Soreco Portugal\",\"description\":\"Experts-comptables et avocats en Espagne, en Italie et au Portugal\",\"potentialAction\":[{\"@type\":\"SearchAction\",\"target\":{\"@type\":\"EntryPoint\",\"urlTemplate\":\"https:\/\/soreco-portugal.com\/pt-pt\/?s={search_term_string}\"},\"query-input\":{\"@type\":\"PropertyValueSpecification\",\"valueRequired\":true,\"valueName\":\"search_term_string\"}}],\"inLanguage\":\"pt-PT\"}]}<\/script>\n<!-- \/ Yoast SEO plugin. -->","yoast_head_json":{"title":"Recrutamento de contabilistas em Espanha, It\u00e1lia e Portugal | SORECO Sociedade francesa de revis\u00e3o oficial de contas sediada em Madrid, Mil\u00e3o, Lisboa e Barcelona","description":"Junte-se \u00e0s equipas da SORECO, um gabinete de revis\u00e3o oficial de contas franc\u00eas e advocacia sediada em Madrid, Mil\u00e3o, Lisboa e Barcelona.","robots":{"index":"index","follow":"follow","max-snippet":"max-snippet:-1","max-image-preview":"max-image-preview:large","max-video-preview":"max-video-preview:-1"},"canonical":"https:\/\/soreco-portugal.com\/pt-pt\/carreiras\/","og_locale":"pt_PT","og_type":"article","og_title":"Recrutamento de contabilistas em Espanha, It\u00e1lia e Portugal | SORECO Sociedade francesa de revis\u00e3o oficial de contas sediada em Madrid, Mil\u00e3o, Lisboa e Barcelona","og_description":"Junte-se \u00e0s equipas da SORECO, um gabinete de revis\u00e3o oficial de contas franc\u00eas e advocacia sediada em Madrid, Mil\u00e3o, Lisboa e Barcelona.","og_url":"https:\/\/soreco-portugal.com\/pt-pt\/carreiras\/","og_site_name":"Soreco Portugal","article_modified_time":"2024-03-04T11:50:37+00:00","og_image":[{"width":510,"height":550,"url":"https:\/\/soreco-portugal.com\/wp-content\/uploads\/sites\/4\/2022\/08\/carrieres.png","type":"image\/png"}],"twitter_card":"summary_large_image","twitter_misc":{"Tempo estimado de leitura":"1 minuto"},"schema":{"@context":"https:\/\/schema.org","@graph":[{"@type":"WebPage","@id":"https:\/\/soreco-portugal.com\/pt-pt\/carreiras\/","url":"https:\/\/soreco-portugal.com\/pt-pt\/carreiras\/","name":"Recrutamento de contabilistas em Espanha, It\u00e1lia e Portugal | SORECO Sociedade francesa de revis\u00e3o oficial de contas sediada em Madrid, Mil\u00e3o, Lisboa e Barcelona","isPartOf":{"@id":"https:\/\/soreco-portugal.com\/pt-pt\/#website"},"primaryImageOfPage":{"@id":"https:\/\/soreco-portugal.com\/pt-pt\/carreiras\/#primaryimage"},"image":{"@id":"https:\/\/soreco-portugal.com\/pt-pt\/carreiras\/#primaryimage"},"thumbnailUrl":"https:\/\/soreco-portugal.com\/wp-content\/uploads\/sites\/4\/2022\/08\/carrieres.png","datePublished":"2022-07-15T12:48:24+00:00","dateModified":"2024-03-04T11:50:37+00:00","description":"Junte-se \u00e0s equipas da SORECO, um gabinete de revis\u00e3o oficial de contas franc\u00eas e advocacia sediada em Madrid, Mil\u00e3o, Lisboa e Barcelona.","breadcrumb":{"@id":"https:\/\/soreco-portugal.com\/pt-pt\/carreiras\/#breadcrumb"},"inLanguage":"pt-PT","potentialAction":[{"@type":"ReadAction","target":["https:\/\/soreco-portugal.com\/pt-pt\/carreiras\/"]}]},{"@type":"ImageObject","inLanguage":"pt-PT","@id":"https:\/\/soreco-portugal.com\/pt-pt\/carreiras\/#primaryimage","url":"https:\/\/soreco-portugal.com\/wp-content\/uploads\/sites\/4\/2022\/08\/carrieres.png","contentUrl":"https:\/\/soreco-portugal.com\/wp-content\/uploads\/sites\/4\/2022\/08\/carrieres.png","width":510,"height":550},{"@type":"BreadcrumbList","@id":"https:\/\/soreco-portugal.com\/pt-pt\/carreiras\/#breadcrumb","itemListElement":[{"@type":"ListItem","position":1,"name":"Accueil","item":"https:\/\/soreco-portugal.com\/pt-pt\/"},{"@type":"ListItem","position":2,"name":"Carreiras"}]},{"@type":"WebSite","@id":"https:\/\/soreco-portugal.com\/pt-pt\/#website","url":"https:\/\/soreco-portugal.com\/pt-pt\/","name":"Soreco Portugal","description":"Experts-comptables et avocats en Espagne, en Italie et au Portugal","potentialAction":[{"@type":"SearchAction","target":{"@type":"EntryPoint","urlTemplate":"https:\/\/soreco-portugal.com\/pt-pt\/?s={search_term_string}"},"query-input":{"@type":"PropertyValueSpecification","valueRequired":true,"valueName":"search_term_string"}}],"inLanguage":"pt-PT"}]}},"_links":{"self":[{"href":"https:\/\/soreco-portugal.com\/pt-pt\/wp-json\/wp\/v2\/pages\/1305","targetHints":{"allow":["GET"]}}],"collection":[{"href":"https:\/\/soreco-portugal.com\/pt-pt\/wp-json\/wp\/v2\/pages"}],"about":[{"href":"https:\/\/soreco-portugal.com\/pt-pt\/wp-json\/wp\/v2\/types\/page"}],"author":[{"embeddable":true,"href":"https:\/\/soreco-portugal.com\/pt-pt\/wp-json\/wp\/v2\/users\/1"}],"replies":[{"embeddable":true,"href":"https:\/\/soreco-portugal.com\/pt-pt\/wp-json\/wp\/v2\/comments?post=1305"}],"version-history":[{"count":8,"href":"https:\/\/soreco-portugal.com\/pt-pt\/wp-json\/wp\/v2\/pages\/1305\/revisions"}],"predecessor-version":[{"id":6254,"href":"https:\/\/soreco-portugal.com\/pt-pt\/wp-json\/wp\/v2\/pages\/1305\/revisions\/6254"}],"wp:featuredmedia":[{"embeddable":true,"href":"https:\/\/soreco-portugal.com\/pt-pt\/wp-json\/wp\/v2\/media\/5021"}],"wp:attachment":[{"href":"https:\/\/soreco-portugal.com\/pt-pt\/wp-json\/wp\/v2\/media?parent=1305"}],"curies":[{"name":"wp","href":"https:\/\/api.w.org\/{rel}","templated":true}]}}